{"id":142,"date":"2020-02-24T14:01:31","date_gmt":"2020-02-24T14:01:31","guid":{"rendered":"https:\/\/demosites.io\/lawyers-gb\/?page_id=142"},"modified":"2024-04-12T11:46:04","modified_gmt":"2024-04-12T09:46:04","slug":"a02e5-homepage","status":"publish","type":"page","link":"https:\/\/pawelstasiuk.pl\/","title":{"rendered":"Kancelaria Adwokacka dr Pawe\u0142 Stasiuk"},"content":{"rendered":"\n<p><br><\/p>\n\n\n\n<div id=\"wp-block-themeisle-blocks-advanced-columns-b4c18e12\" class=\"wp-block-themeisle-blocks-advanced-columns alignfull has-1-columns has-desktop-equal-layout has-tablet-equal-layout has-mobile-equal-layout has-vertical-unset\"><div class=\"wp-block-themeisle-blocks-advanced-columns-overlay\"><\/div><div class=\"innerblocks-wrap\">\n<div id=\"wp-block-themeisle-blocks-advanced-column-cef12066\" class=\"wp-block-themeisle-blocks-advanced-column has-dark-bg\">\n<p class=\"has-text-align-center\"><em>Scire leges non hoc est verba earum tenere, sed vim ac potestatem<\/em><\/p>\n\n\n\n<p class=\"has-text-align-center\"><em>\u2013 zna\u0107 ustawy to nie trzyma\u0107 si\u0119 ich s\u0142\u00f3w, ale rozumie\u0107 sens i znaczenie<\/em><\/p>\n\n\n\n<p><\/p>\n\n\n\n<p id=\"wp-block-themeisle-blocks-advanced-heading-1216e7fa\" class=\"wp-block-themeisle-blocks-advanced-heading wp-block-themeisle-blocks-advanced-heading-1216e7fa\">O kancelarii<\/p>\n\n\n\n<p class=\"has-text-align-center\">Kancelaria Adwokacka dr Pawe\u0142 Stasiuk \u015bwiadczy pomoc prawn\u0105 polegaj\u0105c\u0105 na udzielaniu porad prawnych, sporz\u0105dzaniu pism procesowych i przedprocesowych, um\u00f3w i opinii prawnych, reprezentowaniu os\u00f3b fizycznych i prawnych przed s\u0105dami powszechnymi, s\u0105dami administracyjnymi oraz organami administracji publicznej.<\/p>\n\n\n\n<p class=\"has-text-align-center\">Kancelaria pomaga tak\u017ce w sprawach zwi\u0105zanych z mediacj\u0105, a ponadto prowadzi szkolenia&nbsp;z r\u00f3\u017cnych dziedzin prawa.<\/p>\n\n\n\n<p class=\"has-text-align-center\">Kancelaria Adwokacka dr Pawe\u0142 Stasiuk wsp\u00f3\u0142pracuje r\u00f3wnie\u017c z prawnikami \u2013 adwokatami i radcami prawnymi, kt\u00f3rzy prowadz\u0105 sprawy z innych dziedzin prawa \u2013 prawa karnego, prawa pracy i ubezpiecze\u0144 spo\u0142ecznych, prawa gospodarczego, <br>a tak\u017ce prawa spadkowego i z psychologiem.<\/p>\n<\/div>\n<\/div><\/div>\n\n\n\n<div id=\"wp-block-themeisle-blocks-advanced-columns-9b29ca44\" class=\"wp-block-themeisle-blocks-advanced-columns alignfull has-1-columns has-desktop-equal-layout has-tablet-equal-layout has-mobile-equal-layout has-vertical-unset has-light-bg\"><div class=\"wp-block-themeisle-blocks-advanced-columns-overlay\"><\/div><div class=\"innerblocks-wrap\">\n<div id=\"wp-block-themeisle-blocks-advanced-column-86c8f629\" class=\"wp-block-themeisle-blocks-advanced-column\">\n<h2 class=\"wp-block-heading has-text-align-center\"> Obszary praktyki <\/h2>\n<\/div>\n<\/div><\/div>\n\n\n\n<div id=\"wp-block-themeisle-blocks-advanced-columns-90845b53\" class=\"wp-block-themeisle-blocks-advanced-columns alignfull has-1-columns has-desktop-equal-layout has-tablet-equal-layout has-mobile-equal-layout has-vertical-unset has-light-bg\"><div class=\"wp-block-themeisle-blocks-advanced-columns-overlay\"><\/div><div class=\"innerblocks-wrap\">\n<div id=\"wp-block-themeisle-blocks-advanced-column-6a27545a\" class=\"wp-block-themeisle-blocks-advanced-column\"><\/div>\n<\/div><\/div>\n\n\n\n<div id=\"wp-block-themeisle-blocks-advanced-columns-770d07d8\" class=\"wp-block-themeisle-blocks-advanced-columns alignfull has-6-columns has-desktop-equal-layout has-tablet-equal-layout has-mobile-collapsedRows-layout has-vertical-unset has-light-bg\"><div class=\"wp-block-themeisle-blocks-advanced-columns-overlay\"><\/div><div class=\"innerblocks-wrap\">\n<div id=\"wp-block-themeisle-blocks-advanced-column-2548e6be\" class=\"wp-block-themeisle-blocks-advanced-column has-light-bg\">\n<div class=\"wp-block-themeisle-blocks-service\">\n<div id=\"wp-block-themeisle-blocks-font-awesome-icons-46c1de5f\" class=\"wp-block-themeisle-blocks-font-awesome-icons\"><span class=\"wp-block-themeisle-blocks-font-awesome-icons-container\"><i class=\"fas fa-archive\"><\/i><\/span><\/div>\n\n\n\n<h4 id=\"wp-block-themeisle-blocks-advanced-heading-ac66c660\" class=\"wp-block-themeisle-blocks-advanced-heading wp-block-themeisle-blocks-advanced-heading-ac66c660\"> Prawo rodzinne <\/h4>\n\n\n\n<p id=\"wp-block-themeisle-blocks-advanced-heading-a5f1020f\" class=\"wp-block-themeisle-blocks-advanced-heading wp-block-themeisle-blocks-advanced-heading-a5f1020f\"><\/p>\n<\/div>\n<\/div>\n\n\n\n<div id=\"wp-block-themeisle-blocks-advanced-column-0087cb02\" class=\"wp-block-themeisle-blocks-advanced-column has-light-bg\">\n<div class=\"wp-block-themeisle-blocks-service\">\n<div id=\"wp-block-themeisle-blocks-font-awesome-icons-3ec5239e\" class=\"wp-block-themeisle-blocks-font-awesome-icons\"><span class=\"wp-block-themeisle-blocks-font-awesome-icons-container\"><i class=\"fas fa-archive\"><\/i><\/span><\/div>\n\n\n\n<h4 id=\"wp-block-themeisle-blocks-advanced-heading-82543e6a\" class=\"wp-block-themeisle-blocks-advanced-heading wp-block-themeisle-blocks-advanced-heading-82543e6a\"> Prawo cywilne <\/h4>\n\n\n\n<p id=\"wp-block-themeisle-blocks-advanced-heading-c1b7d192\" class=\"wp-block-themeisle-blocks-advanced-heading wp-block-themeisle-blocks-advanced-heading-c1b7d192\"><\/p>\n<\/div>\n<\/div>\n\n\n\n<div id=\"wp-block-themeisle-blocks-advanced-column-96bdc128\" class=\"wp-block-themeisle-blocks-advanced-column has-light-bg\">\n<div class=\"wp-block-themeisle-blocks-service\">\n<div id=\"wp-block-themeisle-blocks-font-awesome-icons-2bf979b7\" class=\"wp-block-themeisle-blocks-font-awesome-icons\"><span class=\"wp-block-themeisle-blocks-font-awesome-icons-container\"><i class=\"fas fa-archive\"><\/i><\/span><\/div>\n\n\n\n<h4 id=\"wp-block-themeisle-blocks-advanced-heading-7122c00a\" class=\"wp-block-themeisle-blocks-advanced-heading wp-block-themeisle-blocks-advanced-heading-7122c00a\"> Ochrona danych osobowych<\/h4>\n\n\n\n<p id=\"wp-block-themeisle-blocks-advanced-heading-ba219575\" class=\"wp-block-themeisle-blocks-advanced-heading wp-block-themeisle-blocks-advanced-heading-ba219575\"><\/p>\n<\/div>\n<\/div>\n\n\n\n<div id=\"wp-block-themeisle-blocks-advanced-column-cb1c5348\" class=\"wp-block-themeisle-blocks-advanced-column has-light-bg\">\n<div class=\"wp-block-themeisle-blocks-service\">\n<div id=\"wp-block-themeisle-blocks-font-awesome-icons-bb6a06b5\" class=\"wp-block-themeisle-blocks-font-awesome-icons\"><span class=\"wp-block-themeisle-blocks-font-awesome-icons-container\"><i class=\"fas fa-archive\"><\/i><\/span><\/div>\n\n\n\n<h4 id=\"wp-block-themeisle-blocks-advanced-heading-7d8e8206\" class=\"wp-block-themeisle-blocks-advanced-heading wp-block-themeisle-blocks-advanced-heading-7d8e8206\"> Prawo kanoniczne <\/h4>\n\n\n\n<p id=\"wp-block-themeisle-blocks-advanced-heading-8f43368a\" class=\"wp-block-themeisle-blocks-advanced-heading wp-block-themeisle-blocks-advanced-heading-8f43368a\"><\/p>\n<\/div>\n<\/div>\n\n\n\n<div id=\"wp-block-themeisle-blocks-advanced-column-b3062cc8\" class=\"wp-block-themeisle-blocks-advanced-column has-light-bg\">\n<div class=\"wp-block-themeisle-blocks-service\">\n<div id=\"wp-block-themeisle-blocks-font-awesome-icons-0c3d404f\" class=\"wp-block-themeisle-blocks-font-awesome-icons\"><span class=\"wp-block-themeisle-blocks-font-awesome-icons-container\"><i class=\"fas fa-dollar-sign\"><\/i><\/span><\/div>\n\n\n\n<h4 id=\"wp-block-themeisle-blocks-advanced-heading-7df1e6e1\" class=\"wp-block-themeisle-blocks-advanced-heading wp-block-themeisle-blocks-advanced-heading-7df1e6e1\">  Mediacje<\/h4>\n\n\n\n<p id=\"wp-block-themeisle-blocks-advanced-heading-2f884f68\" class=\"wp-block-themeisle-blocks-advanced-heading wp-block-themeisle-blocks-advanced-heading-2f884f68\"> <\/p>\n<\/div>\n<\/div>\n\n\n\n<div id=\"wp-block-themeisle-blocks-advanced-column-0f4c038c\" class=\"wp-block-themeisle-blocks-advanced-column has-light-bg\">\n<div class=\"wp-block-themeisle-blocks-service\">\n<div id=\"wp-block-themeisle-blocks-font-awesome-icons-74d16fca\" class=\"wp-block-themeisle-blocks-font-awesome-icons\"><span class=\"wp-block-themeisle-blocks-font-awesome-icons-container\"><i class=\"fas fa-archive\"><\/i><\/span><\/div>\n\n\n\n<h4 id=\"wp-block-themeisle-blocks-advanced-heading-f85589f7\" class=\"wp-block-themeisle-blocks-advanced-heading wp-block-themeisle-blocks-advanced-heading-f85589f7\"> Szkolenia<\/h4>\n\n\n\n<p id=\"wp-block-themeisle-blocks-advanced-heading-be194dd9\" class=\"wp-block-themeisle-blocks-advanced-heading wp-block-themeisle-blocks-advanced-heading-be194dd9\"><\/p>\n<\/div>\n<\/div>\n<\/div><\/div>\n\n\n\n<div id=\"wp-block-themeisle-blocks-advanced-columns-47225228\" class=\"wp-block-themeisle-blocks-advanced-columns alignfull has-1-columns has-desktop-equal-layout has-tablet-equal-layout has-mobile-equal-layout has-vertical-unset\"><div class=\"wp-block-themeisle-blocks-advanced-columns-overlay\"><\/div><div class=\"innerblocks-wrap\">\n<div id=\"wp-block-themeisle-blocks-advanced-column-b6745044\" class=\"wp-block-themeisle-blocks-advanced-column has-light-bg\">\n<p id=\"wp-block-themeisle-blocks-advanced-heading-407fe3d8\" class=\"wp-block-themeisle-blocks-advanced-heading wp-block-themeisle-blocks-advanced-heading-407fe3d8\"><strong>Skontaktuj si\u0119 ze mn\u0105:<\/strong><\/p>\n\n\n\n<p class=\"has-text-align-center\">tel. 573 836 914<br>e-mail: pawel.stasiuk@adwokatura.pl<br>Istnieje r\u00f3wnie\u017c mo\u017cliwo\u015b\u0107 um\u00f3wienia e-spotkania<\/p>\n\n\n\n<figure class=\"wp-block-image size-large\"><img loading=\"lazy\" decoding=\"async\" width=\"1024\" height=\"304\" src=\"https:\/\/pawelstasiuk.pl\/wp-content\/uploads\/2024\/03\/dane-1024x304.jpg\" alt=\"\" class=\"wp-image-214\" srcset=\"https:\/\/pawelstasiuk.pl\/wp-content\/uploads\/2024\/03\/dane-1024x304.jpg 1024w, https:\/\/pawelstasiuk.pl\/wp-content\/uploads\/2024\/03\/dane-300x89.jpg 300w, https:\/\/pawelstasiuk.pl\/wp-content\/uploads\/2024\/03\/dane-768x228.jpg 768w, https:\/\/pawelstasiuk.pl\/wp-content\/uploads\/2024\/03\/dane-600x178.jpg 600w, https:\/\/pawelstasiuk.pl\/wp-content\/uploads\/2024\/03\/dane.jpg 1154w\" sizes=\"(max-width: 1024px) 100vw, 1024px\" \/><\/figure>\n\n\n\n<p><\/p>\n\n\n\n<div id=\"wp-block-themeisle-blocks-button-group-266da9fb\" class=\"wp-block-themeisle-blocks-button-group wp-block-buttons align-center\"><\/div>\n<\/div>\n<\/div><\/div>\n","protected":false},"excerpt":{"rendered":"","protected":false},"author":1,"featured_media":0,"parent":0,"menu_order":0,"comment_status":"closed","ping_status":"closed","template":"page-templates\/template-pagebuilder-full-width.php","meta":{"_monsterinsights_skip_tracking":false,"_monsterinsights_sitenote_active":false,"_monsterinsights_sitenote_note":"","_monsterinsights_sitenote_category":0,"neve_meta_sidebar":"full-width","neve_meta_container":"contained","neve_meta_enable_content_width":"on","neve_meta_content_width":100,"neve_meta_title_alignment":"","neve_meta_author_avatar":"","neve_post_elements_order":"","neve_meta_disable_header":"","neve_meta_disable_footer":"","neve_meta_disable_title":"on","_themeisle_gutenberg_block_has_review":false,"_ti_tpc_template_sync":false,"_ti_tpc_template_id":"u1zspuj4zbxd5v3eng92","footnotes":""},"aioseo_notices":[],"_links":{"self":[{"href":"https:\/\/pawelstasiuk.pl\/index.php?rest_route=\/wp\/v2\/pages\/142"}],"collection":[{"href":"https:\/\/pawelstasiuk.pl\/index.php?rest_route=\/wp\/v2\/pages"}],"about":[{"href":"https:\/\/pawelstasiuk.pl\/index.php?rest_route=\/wp\/v2\/types\/page"}],"author":[{"embeddable":true,"href":"https:\/\/pawelstasiuk.pl\/index.php?rest_route=\/wp\/v2\/users\/1"}],"replies":[{"embeddable":true,"href":"https:\/\/pawelstasiuk.pl\/index.php?rest_route=%2Fwp%2Fv2%2Fcomments&post=142"}],"version-history":[{"count":10,"href":"https:\/\/pawelstasiuk.pl\/index.php?rest_route=\/wp\/v2\/pages\/142\/revisions"}],"predecessor-version":[{"id":358,"href":"https:\/\/pawelstasiuk.pl\/index.php?rest_route=\/wp\/v2\/pages\/142\/revisions\/358"}],"wp:attachment":[{"href":"https:\/\/pawelstasiuk.pl\/index.php?rest_route=%2Fwp%2Fv2%2Fmedia&parent=142"}],"curies":[{"name":"wp","href":"https:\/\/api.w.org\/{rel}","templated":true}]}}