{"id":269,"date":"2024-04-09T16:50:04","date_gmt":"2024-04-09T14:50:04","guid":{"rendered":"https:\/\/pawelstasiuk.pl\/?page_id=269"},"modified":"2024-04-15T10:01:33","modified_gmt":"2024-04-15T08:01:33","slug":"o-mnie","status":"publish","type":"page","link":"https:\/\/pawelstasiuk.pl\/?page_id=269","title":{"rendered":"O mnie"},"content":{"rendered":"\n<div class=\"wp-block-media-text is-stacked-on-mobile\" style=\"grid-template-columns:35% auto\"><figure class=\"wp-block-media-text__media\"><img loading=\"lazy\" decoding=\"async\" width=\"797\" height=\"1024\" src=\"https:\/\/pawelstasiuk.pl\/wp-content\/uploads\/2024\/04\/adwokat_stasiuk-797x1024.jpg\" alt=\"\" class=\"wp-image-360 size-full\" srcset=\"https:\/\/pawelstasiuk.pl\/wp-content\/uploads\/2024\/04\/adwokat_stasiuk-797x1024.jpg 797w, https:\/\/pawelstasiuk.pl\/wp-content\/uploads\/2024\/04\/adwokat_stasiuk-233x300.jpg 233w, https:\/\/pawelstasiuk.pl\/wp-content\/uploads\/2024\/04\/adwokat_stasiuk-768x987.jpg 768w, https:\/\/pawelstasiuk.pl\/wp-content\/uploads\/2024\/04\/adwokat_stasiuk-1195x1536.jpg 1195w, https:\/\/pawelstasiuk.pl\/wp-content\/uploads\/2024\/04\/adwokat_stasiuk-1593x2048.jpg 1593w, https:\/\/pawelstasiuk.pl\/wp-content\/uploads\/2024\/04\/adwokat_stasiuk-600x771.jpg 600w, https:\/\/pawelstasiuk.pl\/wp-content\/uploads\/2024\/04\/adwokat_stasiuk.jpg 1674w\" sizes=\"(max-width: 797px) 100vw, 797px\" \/><\/figure><div class=\"wp-block-media-text__content\">\n<p>Pawe\u0142 Stasiuk \u2013 doktor nauk prawnych, adwokat, mediator, prawnik-kanonista. Odby\u0142 aplikacj\u0119 adwokack\u0105 w Okr\u0119gowej Radzie Adwokackiej w Warszawie i zda\u0142 egzamin adwokacki. W 2017 r. obroni\u0142 rozpraw\u0119 doktorsk\u0105 na temat &#8220;Wp\u0142yw przymusu i boja\u017ani na wa\u017cno\u015b\u0107 ma\u0142\u017ce\u0144stwa w \u015bwietle wyrok\u00f3w Roty Rzymskiej z lat&nbsp;1983 &#8211; 2004<strong> &#8221;     <\/strong>na <br>Wydziale Prawa Kanonicznego Uniwersytetu Kardyna\u0142a Stefana Wyszy\u0144skiego <br>w Warszawie. <br><br>W praktyce zawodowej interesuje si\u0119 g\u0142\u00f3wnie problematyk\u0105 wypadk\u00f3w drogowych <br>i dochodzeniem roszcze\u0144 z nimi zwi\u0105zanymi, prawem rodzinnym, ochron\u0105 d\u00f3br osobistych, ochron\u0105 danych osobowych oraz kanonicznym prawem ma\u0142\u017ce\u0144skim.<\/p>\n<\/div><\/div>\n\n\n\n<p class=\"has-text-align-left\"><\/p>\n","protected":false},"excerpt":{"rendered":"<p>Pawe\u0142 Stasiuk \u2013 doktor nauk prawnych, adwokat, mediator, prawnik-kanonista. Odby\u0142 aplikacj\u0119 adwokack\u0105 w Okr\u0119gowej Radzie Adwokackiej w Warszawie i zda\u0142 egzamin adwokacki. W 2017 r. obroni\u0142 rozpraw\u0119 doktorsk\u0105 na temat &#8220;Wp\u0142yw przymusu i boja\u017ani na wa\u017cno\u015b\u0107 ma\u0142\u017ce\u0144stwa w \u015bwietle wyrok\u00f3w Roty Rzymskiej z lat&nbsp;1983 &#8211; 2004 &#8221; na Wydziale Prawa Kanonicznego Uniwersytetu Kardyna\u0142a Stefana Wyszy\u0144skiego&hellip;&nbsp;<a href=\"https:\/\/pawelstasiuk.pl\/?page_id=269\" class=\"\" rel=\"bookmark\">Read More &raquo;<span class=\"screen-reader-text\">O mnie<\/span><\/a><\/p>\n","protected":false},"author":1,"featured_media":0,"parent":0,"menu_order":0,"comment_status":"closed","ping_status":"closed","template":"","meta":{"_monsterinsights_skip_tracking":false,"_monsterinsights_sitenote_active":false,"_monsterinsights_sitenote_note":"","_monsterinsights_sitenote_category":0,"neve_meta_sidebar":"","neve_meta_container":"","neve_meta_enable_content_width":"","neve_meta_content_width":0,"neve_meta_title_alignment":"","neve_meta_author_avatar":"","neve_post_elements_order":"","neve_meta_disable_header":"","neve_meta_disable_footer":"","neve_meta_disable_title":"","_themeisle_gutenberg_block_has_review":false,"_ti_tpc_template_sync":false,"_ti_tpc_template_id":"","footnotes":""},"aioseo_notices":[],"_links":{"self":[{"href":"https:\/\/pawelstasiuk.pl\/index.php?rest_route=\/wp\/v2\/pages\/269"}],"collection":[{"href":"https:\/\/pawelstasiuk.pl\/index.php?rest_route=\/wp\/v2\/pages"}],"about":[{"href":"https:\/\/pawelstasiuk.pl\/index.php?rest_route=\/wp\/v2\/types\/page"}],"author":[{"embeddable":true,"href":"https:\/\/pawelstasiuk.pl\/index.php?rest_route=\/wp\/v2\/users\/1"}],"replies":[{"embeddable":true,"href":"https:\/\/pawelstasiuk.pl\/index.php?rest_route=%2Fwp%2Fv2%2Fcomments&post=269"}],"version-history":[{"count":21,"href":"https:\/\/pawelstasiuk.pl\/index.php?rest_route=\/wp\/v2\/pages\/269\/revisions"}],"predecessor-version":[{"id":361,"href":"https:\/\/pawelstasiuk.pl\/index.php?rest_route=\/wp\/v2\/pages\/269\/revisions\/361"}],"wp:attachment":[{"href":"https:\/\/pawelstasiuk.pl\/index.php?rest_route=%2Fwp%2Fv2%2Fmedia&parent=269"}],"curies":[{"name":"wp","href":"https:\/\/api.w.org\/{rel}","templated":true}]}}