{"id":277,"date":"2024-04-10T10:45:10","date_gmt":"2024-04-10T08:45:10","guid":{"rendered":"https:\/\/pawelstasiuk.pl\/?page_id=277"},"modified":"2024-04-12T09:56:45","modified_gmt":"2024-04-12T07:56:45","slug":"zakres-uslug","status":"publish","type":"page","link":"https:\/\/pawelstasiuk.pl\/?page_id=277","title":{"rendered":"Zakres us\u0142ug"},"content":{"rendered":"<p><strong>Prawo rodzinne<\/strong><\/p>\n<p><strong>\u00a0<\/strong>Relacje rodzinne uk\u0142adaj\u0105 si\u0119 bardzo r\u00f3\u017cnice, co nierzadko prowadzi do powa\u017cnych problem\u00f3w natury prawnej. Ostateczno\u015bci\u0105 jest zawsze rozw\u00f3d, z kt\u00f3rego wynikaj\u0105 konkretne skutki prawne. Sprawa rozwodowa bardzo cz\u0119sto nie jest jednak ko\u0144cem problem\u00f3w prawnych. Pojawia si\u0119 bowiem konieczno\u015b\u0107 uregulowania kwestii dotycz\u0105cych aliment\u00f3w, ustalenia miejsca sta\u0142ego zamieszkania ma\u0142oletniego dziecka, harmonogramu wykonywania kontakt\u00f3w<br \/>\nz dzieckiem przez rodzica, kt\u00f3ry stale z nim nie mieszka, pozbawienia albo ograniczenia w\u0142adzy rodzicielskiej, czy te\u017c podzia\u0142u maj\u0105tku wsp\u00f3lnego ma\u0142\u017conk\u00f3w.<\/p>\n<p><strong>Prawo cywilne<\/strong><\/p>\n<p><strong>\u00a0<\/strong>Prawo cywilne dotyka ka\u017cdego cz\u0142owieka oraz instytucji, jakie funkcjonuj\u0105 w obrocie prawnym. Reguluje ono m.in. kwestie zwi\u0105zane z nabywaniem w\u0142asno\u015bci, zaci\u0105ganiem zobowi\u0105za\u0144, czy te\u017c dziedziczeniem.<\/p>\n<p>Kancelaria Adwokacka dr Pawe\u0142 Stasiuk oferuje pomoc z zakresu prawa cywilnego, w szczeg\u00f3lno\u015bci dotycz\u0105c\u0105 roszcze\u0144 wynikaj\u0105cych z wypadk\u00f3w drogowych (odszkodowanie, zado\u015b\u0107uczynienie, zwrot koszt\u00f3w leczenia, renta) oraz ochrony d\u00f3br osobistych \u2013 zar\u00f3wno os\u00f3b fizycznych, jak i os\u00f3b prawnych.<\/p>\n<p><strong>Ochrona danych osobowych<\/strong><\/p>\n<p><strong>\u00a0<\/strong>Nikogo nie trzeba przekonywa\u0107, \u017ce dane osobowe sta\u0142y si\u0119 niezwykle cennymi informacjami we wsp\u00f3\u0142czesnym \u015bwiecie. Z tego wzgl\u0119du niezb\u0119dne jest zapewnienie ich odpowiedniej ochrony. Kancelaria Adwokacka dr Pawe\u0142 Stasiuk \u015bwiadczy pomoc w tym zakresie w postaci przygotowania dokumentacji RODO, wykonania audytu RODO, czy te\u017c szkole\u0144 dla pracownik\u00f3w.<\/p>\n<p><strong>Prawo kanoniczne<\/strong><\/p>\n<p><strong>\u00a0<\/strong>Osoby, kt\u00f3re zosta\u0142y ochrzczone w Ko\u015bciele katolickim albo do niego przyj\u0119te, podlegaj\u0105 przepisom prawa kanonicznego. Dotyka ono m.in. takich spraw jak sakramenty, sprawowanie kultu, czy te\u017c kar ko\u015bcielnych. Coraz wi\u0119cej wiernych poszukuje jednak pomocy w sprawach o stwierdzenie niewa\u017cno\u015bci ma\u0142\u017ce\u0144stwa kanonicznego. Kancelaria Adwokacka dr Pawe\u0142 Stasiuk oferuje wsparcie w tym zakresie.<\/p>\n<p><strong>Mediacje<\/strong><\/p>\n<p><strong>\u00a0<\/strong>Mediacja to dobrowolna i polubowna metoda rozwi\u0105zywania spor\u00f3w prawnych. Stanowi ona interesuj\u0105c\u0105 alternatyw\u0119 dla post\u0119powa\u0144 s\u0105dowych, poniewa\u017c jest od nich zdecydowanie szybsza i ta\u0144sza. Co wa\u017cne, ugoda mediacyjna zatwierdzona przez s\u0105d, ma moc ugody s\u0105dowej, co w praktyce oznacza, \u017ce mo\u017cna si\u0119 ni\u0105 pos\u0142ugiwa\u0107 w obrocie prawnym.<\/p>\n<p><strong>Szkolenia<\/strong><\/p>\n<p><strong>\u00a0<\/strong>Kancelaria Adwokacka dr Pawe\u0142 Stasiuk prowadzi szkolenia z ochrony danych osobowych, prawa rodzinnego i cywilnego. Istnieje r\u00f3wnie\u017c mo\u017cliwo\u015b\u0107 przygotowania szkolenia b\u0105d\u017a wyst\u0105pienia na temat interesuj\u0105cy zamawiaj\u0105cego.<\/p>\n","protected":false},"excerpt":{"rendered":"<p>Prawo rodzinne \u00a0Relacje rodzinne uk\u0142adaj\u0105 si\u0119 bardzo r\u00f3\u017cnice, co nierzadko prowadzi do powa\u017cnych problem\u00f3w natury prawnej. Ostateczno\u015bci\u0105 jest zawsze rozw\u00f3d, z kt\u00f3rego wynikaj\u0105 konkretne skutki prawne. Sprawa rozwodowa bardzo cz\u0119sto nie jest jednak ko\u0144cem problem\u00f3w prawnych. Pojawia si\u0119 bowiem konieczno\u015b\u0107 uregulowania kwestii dotycz\u0105cych aliment\u00f3w, ustalenia miejsca sta\u0142ego zamieszkania ma\u0142oletniego dziecka, harmonogramu wykonywania kontakt\u00f3w z dzieckiem&hellip;&nbsp;<a href=\"https:\/\/pawelstasiuk.pl\/?page_id=277\" class=\"\" rel=\"bookmark\">Read More &raquo;<span class=\"screen-reader-text\">Zakres us\u0142ug<\/span><\/a><\/p>\n","protected":false},"author":1,"featured_media":0,"parent":0,"menu_order":0,"comment_status":"closed","ping_status":"closed","template":"","meta":{"_monsterinsights_skip_tracking":false,"_monsterinsights_sitenote_active":false,"_monsterinsights_sitenote_note":"","_monsterinsights_sitenote_category":0,"neve_meta_sidebar":"","neve_meta_container":"","neve_meta_enable_content_width":"","neve_meta_content_width":0,"neve_meta_title_alignment":"","neve_meta_author_avatar":"","neve_post_elements_order":"","neve_meta_disable_header":"","neve_meta_disable_footer":"","neve_meta_disable_title":"","_themeisle_gutenberg_block_has_review":false,"_ti_tpc_template_sync":false,"_ti_tpc_template_id":"","footnotes":""},"aioseo_notices":[],"_links":{"self":[{"href":"https:\/\/pawelstasiuk.pl\/index.php?rest_route=\/wp\/v2\/pages\/277"}],"collection":[{"href":"https:\/\/pawelstasiuk.pl\/index.php?rest_route=\/wp\/v2\/pages"}],"about":[{"href":"https:\/\/pawelstasiuk.pl\/index.php?rest_route=\/wp\/v2\/types\/page"}],"author":[{"embeddable":true,"href":"https:\/\/pawelstasiuk.pl\/index.php?rest_route=\/wp\/v2\/users\/1"}],"replies":[{"embeddable":true,"href":"https:\/\/pawelstasiuk.pl\/index.php?rest_route=%2Fwp%2Fv2%2Fcomments&post=277"}],"version-history":[{"count":3,"href":"https:\/\/pawelstasiuk.pl\/index.php?rest_route=\/wp\/v2\/pages\/277\/revisions"}],"predecessor-version":[{"id":340,"href":"https:\/\/pawelstasiuk.pl\/index.php?rest_route=\/wp\/v2\/pages\/277\/revisions\/340"}],"wp:attachment":[{"href":"https:\/\/pawelstasiuk.pl\/index.php?rest_route=%2Fwp%2Fv2%2Fmedia&parent=277"}],"curies":[{"name":"wp","href":"https:\/\/api.w.org\/{rel}","templated":true}]}}