{"id":301,"date":"2024-04-12T07:57:23","date_gmt":"2024-04-12T05:57:23","guid":{"rendered":"https:\/\/pawelstasiuk.pl\/?page_id=301"},"modified":"2024-04-12T09:57:48","modified_gmt":"2024-04-12T07:57:48","slug":"polityka-prywatnosci","status":"publish","type":"page","link":"https:\/\/pawelstasiuk.pl\/?page_id=301","title":{"rendered":"Polityka prywatno\u015bci"},"content":{"rendered":"<p><strong>Polityka prywatno\u015bci<\/strong><\/p>\n<p>Na podstawie art. 13 ust. 1\u22122 rozporz\u0105dzenia Parlamentu Europejskiego i Rady (UE) 2016\/679\u00a0 z dnia 27 kwietnia 2016 r. w sprawie ochrony os\u00f3b fizycznych<br \/>\nw zwi\u0105zku z przetwarzaniem danych osobowych i w sprawie swobodnego przep\u0142ywu takich danych oraz uchylenia dyrektywy 95\/46\/WE (og\u00f3lne rozporz\u0105dzenie<br \/>\no ochronie danych) (Dz.Urz. UE L 119, s. 1) \u2013 dalej RODO \u2013 informujemy, \u017ce niniejsza polityka prywatno\u015bci reguluje zasady przetwarzania Pa\u0144stwa danych osobowych i wykorzystywania plik\u00f3w cookies w zwi\u0105zku z korzystaniem z naszej strony internetowej i kontaktami e-mailowymi lub telefonicznymi.<\/p>\n<ol>\n<li><strong> Informacje og\u00f3lne<\/strong><\/li>\n<\/ol>\n<ol>\n<li>Niniejsza polityka prywatno\u015bci dotyczy serwisu www funkcjonuj\u0105cego pod adresem: https:\/\/pawelstasiuk.pl<\/li>\n<li>Administratorem danych osobowych jest Kancelaria Adwokacka dr Pawe\u0142 Stasiuk, Bracka 20\/7A, 00-028 Warszawa,<br \/>\ntel. 573 836 914, e-mail: pawel.stasiuk@adwokatura.pl , NIP 9521974270, REGON 145761525<\/li>\n<\/ol>\n<ul>\n<li>Adres kontaktowy poczty elektronicznej administratora danych: pawel.stasiuk@adwokatura.pl<\/li>\n<li>Serwis realizuje funkcje pozyskiwania informacji o u\u017cytkownikach i ich zachowaniu poprzez zapisywanie w urz\u0105dzeniach ko\u0144cowych plik\u00f3w cookies (tzw. \u201eciasteczka\u201d).<\/li>\n<\/ul>\n<ol start=\"2\">\n<li><strong> Prawa i dodatkowe informacje o sposobie wykorzystania danych<\/strong><\/li>\n<\/ol>\n<ol>\n<li>Dane osobowe przetwarzane s\u0105 nie d\u0142u\u017cej, ni\u017c jest to konieczne do \u015bwiadczenia us\u0142ug.<\/li>\n<li>Informujemy, i\u017c przys\u0142uguje Pa\u0144stwu prawo \u017c\u0105dania:\n<ul>\n<li>dost\u0119pu do Pa\u0144stwa danych osobowych,<\/li>\n<li>ich sprostowania,<\/li>\n<li>usuni\u0119cia,<\/li>\n<li>ograniczenia przetwarzania,<\/li>\n<li>oraz przenoszenia danych.<\/li>\n<\/ul>\n<\/li>\n<li>Na dzia\u0142ania administratora danych przys\u0142uguje skarga do Prezesa Urz\u0119du Ochrony Danych Osobowych, ul. Stawki 2, 00-193 Warszawa.<\/li>\n<li>Podanie danych osobowych jest dobrowolne.<\/li>\n<\/ol>\n<ol start=\"3\">\n<li><strong> Istotne techniki marketingowe<\/strong><\/li>\n<\/ol>\n<p><strong>\u00a0<\/strong><\/p>\n<ol>\n<li>Serwis korzysta z plik\u00f3w cookies w celu tworzenia zbiorczych statystyk odwiedzaj\u0105cych nasze strony internetowe oraz ich zachowa\u0144 w sieci. Informacje te s\u0105 wykorzystywane w celu sprawdzenia kt\u00f3re cz\u0119\u015bci naszej witryny internetowej s\u0105 najcz\u0119\u015bciej odwiedzane oraz w celu ewentualnego modyfikowania serwisu. Dane maj\u0105 charakter skumulowany, co oznacza, \u017ce nie mo\u017cemy dokonywa\u0107 identyfikacji poszczeg\u00f3lnych odwiedzaj\u0105cych.<\/li>\n<li>Niniejsza witryna korzysta z internetowej us\u0142ugi analitycznej Google Analytics dostarczanej przez firm\u0119 Alphabet (dalej: \u201eGoogle\u201d). Us\u0142uga Google Analytics wykorzystuje pliki cookies w celu analizowania sposob\u00f3w korzystania z witryny przez u\u017cytkownik\u00f3w. Informacje generowane przez pliki cookies, kt\u00f3re dotycz\u0105 korzystania przez Pa\u0144stwa z witryny (w tym z Pa\u0144stwa adresem IP) zostan\u0105 przekazane do Google i b\u0119d\u0105 przechowywane na serwerach Google<br \/>\nw Stanach Zjednoczonych. Google b\u0119dzie korzysta\u0107 z tej informacji na potrzeby dokonywania oceny korzystania przez Pa\u0144stwa z witryny, opracowywania raport\u00f3w na temat aktywno\u015bci na stronie dla operator\u00f3w stron oraz \u015bwiadczenia innych us\u0142ug dotycz\u0105cych witryny i korzystania z Internetu. Z polityk\u0105 prywatno\u015bci firmy Google mo\u017cna zapozna\u0107 si\u0119 na stronie: http:\/\/www.google.com\/intl\/en_ALL\/policies\/privacy\/<\/li>\n<li>Operator korzysta z piksela Facebooka, technologii, kt\u00f3ra powoduje, \u017ce serwis Facebook (Meta Platforms z siedzib\u0105 w USA) wie, \u017ce dana osoba w nim zarejestrowana korzysta z serwisu. Bazuje w tym wypadku na danych, wobec kt\u00f3rych sam jest administratorem. Operator nie przekazuje od siebie \u017cadnych dodatkowych danych osobowych serwisowi Facebook. Us\u0142uga bazuje na wykorzystaniu plik\u00f3w cookies w urz\u0105dzeniu ko\u0144cowym u\u017cytkownika.<\/li>\n<\/ol>\n<ol start=\"4\">\n<li><strong>Informacja o plikach cookies<\/strong><\/li>\n<\/ol>\n<ol>\n<li>Serwis korzysta z plik\u00f3w cookies.<\/li>\n<li>Pliki cookies to dane informatyczne, w szczeg\u00f3lno\u015bci pliki tekstowe, kt\u00f3re przechowywane s\u0105 w urz\u0105dzeniu ko\u0144cowym u\u017cytkownika serwisu i przeznaczone s\u0105 do korzystania ze stron internetowych serwisu. Pliki cookies zazwyczaj zawieraj\u0105 nazw\u0119 strony internetowej, z kt\u00f3rej pochodz\u0105, czas przechowywania ich na urz\u0105dzeniu ko\u0144cowym oraz unikalny numer.<\/li>\n<li>W ramach serwisu stosowane s\u0105 dwa zasadnicze rodzaje plik\u00f3w cookies: \u201esesyjne\u201d (session cookies) oraz \u201esta\u0142e\u201d (persistent cookies). Pierwsze z nich s\u0105 plikami tymczasowymi, kt\u00f3re przechowywane s\u0105 w urz\u0105dzeniu ko\u0144cowym u\u017cytkownika do czasu opuszczenia strony internetowej lub wy\u0142\u0105czenia oprogramowania (przegl\u0105darki internetowej). \u201eSta\u0142e\u201d pliki cookies przechowywane s\u0105 w urz\u0105dzeniu ko\u0144cowym u\u017cytkownika przez czas okre\u015blony<br \/>\nw parametrach plik\u00f3w cookies lub do czasu ich usuni\u0119cia przez u\u017cytkownika.<\/li>\n<li>Oprogramowanie do przegl\u0105dania stron internetowych (przegl\u0105darka internetowa) zazwyczaj domy\u015blnie dopuszcza przechowywanie plik\u00f3w cookies<br \/>\nw urz\u0105dzeniu ko\u0144cowym u\u017cytkownika. U\u017cytkownicy serwisu mog\u0105 dokona\u0107 zmiany ustawie\u0144 w tym zakresie. Przegl\u0105darka internetowa umo\u017cliwia usuni\u0119cie plik\u00f3w cookies. Mo\u017cliwe jest tak\u017ce automatyczne blokowanie plik\u00f3w cookies. Szczeg\u00f3\u0142owe informacje na ten temat zawiera pomoc lub dokumentacja przegl\u0105darki internetowej.<\/li>\n<li>Ograniczenia stosowania plik\u00f3w cookies mog\u0105 wp\u0142yn\u0105\u0107 na niekt\u00f3re funkcjonalno\u015bci dost\u0119pne na stronach internetowych serwisu.<\/li>\n<li>Pliki cookies zamieszczane w urz\u0105dzeniu ko\u0144cowym u\u017cytkownika serwisu wykorzystywane mog\u0105 by\u0107 r\u00f3wnie\u017c przez wsp\u00f3\u0142pracuj\u0105ce z operatorem serwisu podmioty, w szczeg\u00f3lno\u015bci dotyczy to firm: Google i YouTube (Alphabet z siedzib\u0105 w USA) oraz Facebook (Meta Platforms z siedzib\u0105 w USA).<\/li>\n<\/ol>\n<ol start=\"5\">\n<li><strong> Zarz\u0105dzanie plikami cookies<\/strong><\/li>\n<\/ol>\n<p>Je\u017celi u\u017cytkownik nie \u017cyczy sobie otrzymywa\u0107 plik\u00f3w cookies, mo\u017ce zmieni\u0107 ustawienia swojej przegl\u0105darki. Zastrzegamy jednak, \u017ce wy\u0142\u0105czenie obs\u0142ugi plik\u00f3w cookies niezb\u0119dnych dla proces\u00f3w uwierzytelniania, bezpiecze\u0144stwa, utrzymania preferencji u\u017cytkownika mo\u017ce utrudni\u0107, a w skrajnych przypadkach nawet uniemo\u017cliwi\u0107 korzystanie ze stron internetowych. W celu zarz\u0105dzania ustawienia cookies nale\u017cy wybra\u0107 z listy poni\u017cej przegl\u0105dark\u0119 internetow\u0105 i post\u0119powa\u0107 zgodnie z instrukcjami:<\/p>\n<ul>\n<li><a href=\"https:\/\/support.microsoft.com\/pl-pl\/microsoft-edge\/wy\u015bwietlanie-i-usuwanie-historii-przegl\u0105darki-w-programie-microsoft-edge-00cf7943-a9e1-975a-a33d-ac10ce454ca4\">Microsoft Edge<\/a><\/li>\n<li><a href=\"https:\/\/support.microsoft.com\/pl-pl\/topic\/jak-usun\u0105\u0107-pliki-cookie-w-programie-internet-explorer-bca9446f-d873-78de-77ba-d42645fa52fc\">Microsoft Internet Explorer<\/a><\/li>\n<li><a href=\"https:\/\/support.google.com\/chrome\/answer\/95647?hl=pl\">Google Chrome<\/a><\/li>\n<li><a href=\"https:\/\/support.apple.com\/pl-pl\/guide\/safari\/sfri11471\/mac\">Apple Safari<\/a><\/li>\n<li><a href=\"https:\/\/support.mozilla.org\/pl\/kb\/wzmocniona-ochrona-przed-sledzeniem-firefox-desktop?redirectslug=W\u0142\u0105czanie+i+wy\u0142\u0105czanie+obs\u0142ugi+ciasteczek&amp;redirectlocale=pl\">Mozilla Firefox<\/a><\/li>\n<li><a href=\"https:\/\/help.opera.com\/pl\/latest\/web-preferences\/#cookies\">Opera<\/a><\/li>\n<\/ul>\n<p>Urz\u0105dzenia mobilne:<\/p>\n<ul>\n<li><a href=\"https:\/\/support.google.com\/chrome\/answer\/95647?hl=pl\">Android<\/a><\/li>\n<li><a href=\"https:\/\/support.apple.com\/pl-pl\/105082\">Safari (iOS)<\/a><\/li>\n<li><a style=\"font-family: var(--bodyfontfamily); font-size: var(--bodyfontsize); font-weight: var(--bodyfontweight); letter-spacing: var(--bodyletterspacing); text-transform: var(--bodytexttransform); background-color: var(--nv-site-bg);\" href=\"https:\/\/support.microsoft.com\/pl-pl\/windows\/windows-phone-7-3ebc303c-59c0-d367-3995-f258b184fabb\">Windows Phone<\/a><\/li>\n<\/ul>\n","protected":false},"excerpt":{"rendered":"<p>Polityka prywatno\u015bci Na podstawie art. 13 ust. 1\u22122 rozporz\u0105dzenia Parlamentu Europejskiego i Rady (UE) 2016\/679\u00a0 z dnia 27 kwietnia 2016 r. w sprawie ochrony os\u00f3b fizycznych w zwi\u0105zku z przetwarzaniem danych osobowych i w sprawie swobodnego przep\u0142ywu takich danych oraz uchylenia dyrektywy 95\/46\/WE (og\u00f3lne rozporz\u0105dzenie o ochronie danych) (Dz.Urz. UE L 119, s. 1) \u2013&hellip;&nbsp;<a href=\"https:\/\/pawelstasiuk.pl\/?page_id=301\" class=\"\" rel=\"bookmark\">Read More &raquo;<span class=\"screen-reader-text\">Polityka prywatno\u015bci<\/span><\/a><\/p>\n","protected":false},"author":1,"featured_media":0,"parent":0,"menu_order":0,"comment_status":"closed","ping_status":"closed","template":"","meta":{"_monsterinsights_skip_tracking":false,"_monsterinsights_sitenote_active":false,"_monsterinsights_sitenote_note":"","_monsterinsights_sitenote_category":0,"neve_meta_sidebar":"","neve_meta_container":"","neve_meta_enable_content_width":"","neve_meta_content_width":0,"neve_meta_title_alignment":"","neve_meta_author_avatar":"","neve_post_elements_order":"","neve_meta_disable_header":"","neve_meta_disable_footer":"","neve_meta_disable_title":"","_themeisle_gutenberg_block_has_review":false,"_ti_tpc_template_sync":false,"_ti_tpc_template_id":"","footnotes":""},"aioseo_notices":[],"_links":{"self":[{"href":"https:\/\/pawelstasiuk.pl\/index.php?rest_route=\/wp\/v2\/pages\/301"}],"collection":[{"href":"https:\/\/pawelstasiuk.pl\/index.php?rest_route=\/wp\/v2\/pages"}],"about":[{"href":"https:\/\/pawelstasiuk.pl\/index.php?rest_route=\/wp\/v2\/types\/page"}],"author":[{"embeddable":true,"href":"https:\/\/pawelstasiuk.pl\/index.php?rest_route=\/wp\/v2\/users\/1"}],"replies":[{"embeddable":true,"href":"https:\/\/pawelstasiuk.pl\/index.php?rest_route=%2Fwp%2Fv2%2Fcomments&post=301"}],"version-history":[{"count":2,"href":"https:\/\/pawelstasiuk.pl\/index.php?rest_route=\/wp\/v2\/pages\/301\/revisions"}],"predecessor-version":[{"id":341,"href":"https:\/\/pawelstasiuk.pl\/index.php?rest_route=\/wp\/v2\/pages\/301\/revisions\/341"}],"wp:attachment":[{"href":"https:\/\/pawelstasiuk.pl\/index.php?rest_route=%2Fwp%2Fv2%2Fmedia&parent=301"}],"curies":[{"name":"wp","href":"https:\/\/api.w.org\/{rel}","templated":true}]}}